{"id":132,"date":"2025-01-03T14:27:50","date_gmt":"2025-01-03T14:27:50","guid":{"rendered":"https:\/\/appsa.misiones.gob.ar\/?page_id=132"},"modified":"2026-03-27T23:27:52","modified_gmt":"2026-03-27T23:27:52","slug":"hidrovia","status":"publish","type":"page","link":"https:\/\/appsa.misiones.gob.ar\/index.php\/hidrovia\/","title":{"rendered":"Hidrov\u00eda"},"content":{"rendered":"\n<figure class=\"wp-block-video alignright\"><video height=\"854\" style=\"aspect-ratio: 480 \/ 854;\" width=\"480\" controls src=\"https:\/\/appsa.misiones.gob.ar\/wp-content\/uploads\/2025\/01\/PISCINA-11.mp4\"><\/video><\/figure>\n\n\n\n<p>Esclusa de Yacyret\u00e1: La esclusa de navegaci\u00f3n es una estructura de hormig\u00f3n de <strong>27 metros de ancho y 236 metros de largo<\/strong>, con compuertas en ambos extremos, que funciona como un <strong>\u00abascensor de barcos\u00bb<\/strong>. Su prop\u00f3sito es salvar el desnivel creado por la represa y permitir la libre navegaci\u00f3n.<\/p>\n\n\n\n<p>Cuando un barco ingresa, el nivel del agua dentro del cuenco se ajusta para igualarse con el del destino, ya sea el embalse o el r\u00edo. Es la \u00fanica esclusa operativa en <strong>Argentina y Paraguay<\/strong>, y facilita el paso de <strong>barcazas de 12 m x 60 m<\/strong>, principalmente usadas para transportar productos a granel como soja, impulsadas por remolcadores de alta potencia.<\/p>\n\n\n\n<p>Actualmente, la esclusa puede acomodar trenes de hasta <strong>6 barcazas<\/strong> en un solo movimiento, asegurando la continuidad del transporte fluvial en la regi\u00f3n.<\/p>\n","protected":false},"excerpt":{"rendered":"<p>Esclusa de Yacyret\u00e1: La esclusa de navegaci\u00f3n es una estructura de hormig\u00f3n de 27 metros de ancho y 236 metros de largo, con compuertas en ambos extremos, que funciona como un \u00abascensor de barcos\u00bb. Su prop\u00f3sito es salvar el desnivel creado por la represa y permitir la libre navegaci\u00f3n. Cuando un barco ingresa, el nivel [&hellip;]<\/p>\n","protected":false},"author":2,"featured_media":705,"parent":0,"menu_order":0,"comment_status":"closed","ping_status":"closed","template":"page-templates\/page-hidrovia.php","meta":{"footnotes":""},"class_list":["post-132","page","type-page","status-publish","has-post-thumbnail","hentry"],"_links":{"self":[{"href":"https:\/\/appsa.misiones.gob.ar\/index.php\/wp-json\/wp\/v2\/pages\/132","targetHints":{"allow":["GET"]}}],"collection":[{"href":"https:\/\/appsa.misiones.gob.ar\/index.php\/wp-json\/wp\/v2\/pages"}],"about":[{"href":"https:\/\/appsa.misiones.gob.ar\/index.php\/wp-json\/wp\/v2\/types\/page"}],"author":[{"embeddable":true,"href":"https:\/\/appsa.misiones.gob.ar\/index.php\/wp-json\/wp\/v2\/users\/2"}],"replies":[{"embeddable":true,"href":"https:\/\/appsa.misiones.gob.ar\/index.php\/wp-json\/wp\/v2\/comments?post=132"}],"version-history":[{"count":6,"href":"https:\/\/appsa.misiones.gob.ar\/index.php\/wp-json\/wp\/v2\/pages\/132\/revisions"}],"predecessor-version":[{"id":708,"href":"https:\/\/appsa.misiones.gob.ar\/index.php\/wp-json\/wp\/v2\/pages\/132\/revisions\/708"}],"wp:featuredmedia":[{"embeddable":true,"href":"https:\/\/appsa.misiones.gob.ar\/index.php\/wp-json\/wp\/v2\/media\/705"}],"wp:attachment":[{"href":"https:\/\/appsa.misiones.gob.ar\/index.php\/wp-json\/wp\/v2\/media?parent=132"}],"curies":[{"name":"wp","href":"https:\/\/api.w.org\/{rel}","templated":true}]}}