{"id":30,"date":"2024-12-28T18:05:50","date_gmt":"2024-12-28T18:05:50","guid":{"rendered":"https:\/\/appsa.misiones.gob.ar\/index.php\/inicio-2\/"},"modified":"2026-03-27T21:54:00","modified_gmt":"2026-03-27T21:54:00","slug":"inicio-2","status":"publish","type":"page","link":"https:\/\/appsa.misiones.gob.ar\/","title":{"rendered":"Inicio"},"content":{"rendered":"\n<div class=\"wp-block-group alignfull is-light hestia-clear-top-padding has-black-background-color has-background\"><div class=\"wp-block-group__inner-container is-layout-constrained wp-block-group-is-layout-constrained\">\n<h2 class=\"wp-block-heading has-text-align-center has-background-color-color has-text-color\"><strong>Administraci\u00f3n Portuaria de Posadas y Santa Ana<\/strong><\/h2>\n\n\n\n<div style=\"height:40px\" aria-hidden=\"true\" class=\"wp-block-spacer\"><\/div>\n\n\n\n<div class=\"wp-block-columns container is-layout-flex wp-container-core-columns-is-layout-9d6595d7 wp-block-columns-is-layout-flex\">\n<div class=\"wp-block-column is-layout-flow wp-block-column-is-layout-flow\">\n<h5 class=\"wp-block-heading has-text-align-center has-background-color-color has-text-color\" style=\"font-size:18px\">Objeto<\/h5>\n\n\n\n<p class=\"has-text-align-center has-text-color\" style=\"color:#999999;font-size:14px\">La Ley I-155 regula las actividades, operaciones y servicios que se desarrollan en los puertos bajo la jurisdicci\u00f3n de la Provincia de Misiones. Su objetivo principal es consolidar un sistema portuario provincial eficiente, competitivo y sostenible, que integre terminales y estructuras destinadas al comercio, industria, recreaci\u00f3n, turismo y otros usos. El sistema busca responder a las demandas locales e internacionales mediante una infraestructura moderna y adaptada a los desaf\u00edos actuales.<\/p>\n\n\n\n<p class=\"has-text-align-center has-text-color\" style=\"color:#999999;font-size:14px\"><\/p>\n\n\n\n<div style=\"height:25px\" aria-hidden=\"true\" class=\"wp-block-spacer\"><\/div>\n<\/div>\n\n\n\n<div class=\"wp-block-column is-layout-flow wp-block-column-is-layout-flow\">\n<h5 class=\"wp-block-heading has-text-align-center has-background-color-color has-text-color\" style=\"font-size:18px\">Funciones<\/h5>\n\n\n\n<p class=\"has-text-align-center has-text-color\" style=\"color:#999999;font-size:14px\">Las funciones de APPSA, se centran en promover el desarrollo y modernizaci\u00f3n de la infraestructura portuaria para garantizar operaciones eficientes y sostenibles. Buscamos fomentar la competitividad del sistema portuario, atraer inversiones privadas en log\u00edstica y transporte multimodal, fortalecer la relaci\u00f3n puerto-ciudad con beneficios para las comunidades locales y asegurar un compromiso ambiental que respalde el desarrollo econ\u00f3mico de la regi\u00f3n en armon\u00eda con el entorno natural.<\/p>\n\n\n\n<p class=\"has-text-align-center has-text-color\" style=\"color:#999999;font-size:14px\"><\/p>\n\n\n\n<p><\/p>\n\n\n\n<div style=\"height:25px\" aria-hidden=\"true\" class=\"wp-block-spacer\"><\/div>\n<\/div>\n\n\n\n<div class=\"wp-block-column is-layout-flow wp-block-column-is-layout-flow\">\n<h5 class=\"wp-block-heading has-text-align-center has-background-color-color has-text-color\" style=\"font-size:18px\"><strong>Visi\u00f3n Estrat\u00e9gica<\/strong><\/h5>\n\n\n\n<p class=\"has-text-align-center has-text-color\" style=\"color:#999999;font-size:14px\">La administraci\u00f3n portuaria provincial tiene como visi\u00f3n posicionar a los puertos de Misiones como nodos clave en el circuito nacional e internacional del comercio, turismo y transporte. Con un enfoque en la planificaci\u00f3n estrat\u00e9gica, busca consolidar un sistema portuario autosuficiente, eficiente e innovador, que conecte a la provincia con mercados globales, respalde la econom\u00eda local y fomente el desarrollo sostenible.<\/p>\n\n\n\n<div style=\"height:25px\" aria-hidden=\"true\" class=\"wp-block-spacer\"><\/div>\n<\/div>\n<\/div>\n\n\n\n<div style=\"height:40px\" aria-hidden=\"true\" class=\"wp-block-spacer\"><\/div>\n<\/div><\/div>\n\n\n\n<div class=\"wp-block-columns container is-layout-flex wp-container-core-columns-is-layout-9d6595d7 wp-block-columns-is-layout-flex\">\n<div class=\"wp-block-column col-md-5 is-layout-flow wp-block-column-is-layout-flow\">\n<div style=\"height:55px\" aria-hidden=\"true\" class=\"wp-block-spacer\"><\/div>\n\n\n\n<figure class=\"wp-block-image size-large\"><img loading=\"lazy\" decoding=\"async\" width=\"1024\" height=\"1024\" src=\"https:\/\/appsa.misiones.gob.ar\/wp-content\/uploads\/2024\/12\/Imagen-de-WhatsApp-2023-11-15-a-las-17.38.27_fc0e7940-1024x1024.jpg\" alt=\"\" class=\"wp-image-73\" srcset=\"https:\/\/appsa.misiones.gob.ar\/wp-content\/uploads\/2024\/12\/Imagen-de-WhatsApp-2023-11-15-a-las-17.38.27_fc0e7940-1024x1024.jpg 1024w, https:\/\/appsa.misiones.gob.ar\/wp-content\/uploads\/2024\/12\/Imagen-de-WhatsApp-2023-11-15-a-las-17.38.27_fc0e7940-300x300.jpg 300w, https:\/\/appsa.misiones.gob.ar\/wp-content\/uploads\/2024\/12\/Imagen-de-WhatsApp-2023-11-15-a-las-17.38.27_fc0e7940-150x150.jpg 150w, https:\/\/appsa.misiones.gob.ar\/wp-content\/uploads\/2024\/12\/Imagen-de-WhatsApp-2023-11-15-a-las-17.38.27_fc0e7940-768x768.jpg 768w, https:\/\/appsa.misiones.gob.ar\/wp-content\/uploads\/2024\/12\/Imagen-de-WhatsApp-2023-11-15-a-las-17.38.27_fc0e7940.jpg 1080w\" sizes=\"auto, (max-width: 1024px) 100vw, 1024px\" \/><\/figure>\n<\/div>\n\n\n\n<div class=\"wp-block-column col-md-6 col-md-offset1 is-layout-flow wp-block-column-is-layout-flow\">\n<div style=\"height:55px\" aria-hidden=\"true\" class=\"wp-block-spacer\"><\/div>\n\n\n\n<figure class=\"wp-block-image size-large\"><img loading=\"lazy\" decoding=\"async\" width=\"1024\" height=\"1020\" src=\"https:\/\/appsa.misiones.gob.ar\/wp-content\/uploads\/2024\/12\/WhatsApp-Image-2023-12-11-at-14.04.03-1024x1020.jpeg\" alt=\"\" class=\"wp-image-69\" srcset=\"https:\/\/appsa.misiones.gob.ar\/wp-content\/uploads\/2024\/12\/WhatsApp-Image-2023-12-11-at-14.04.03-1024x1020.jpeg 1024w, https:\/\/appsa.misiones.gob.ar\/wp-content\/uploads\/2024\/12\/WhatsApp-Image-2023-12-11-at-14.04.03-300x300.jpeg 300w, https:\/\/appsa.misiones.gob.ar\/wp-content\/uploads\/2024\/12\/WhatsApp-Image-2023-12-11-at-14.04.03-150x150.jpeg 150w, https:\/\/appsa.misiones.gob.ar\/wp-content\/uploads\/2024\/12\/WhatsApp-Image-2023-12-11-at-14.04.03-768x765.jpeg 768w, https:\/\/appsa.misiones.gob.ar\/wp-content\/uploads\/2024\/12\/WhatsApp-Image-2023-12-11-at-14.04.03.jpeg 1170w\" sizes=\"auto, (max-width: 1024px) 100vw, 1024px\" \/><\/figure>\n\n\n<\/div>\n<\/div>\n\n\n\n<hr class=\"wp-block-separator has-alpha-channel-opacity\"\/>\n\n\n\n<style>\n\/* Estilos para la barra de horarios *\/\n.horarios-banner {\n    background-color: #e8452c; \/* Color rojo similar al de la foto *\/\n    color: #ffffff;\n    font-family: Arial, sans-serif;\n    display: flex;\n    flex-wrap: wrap;\n    align-items: center;\n    padding: 20px;\n    width: 100%;\n    box-sizing: border-box;\n}\n\/* Columna T\u00edtulo Principal *\/\n.horarios-titulo {\n    font-size: 24px;\n    font-weight: 700;\n    line-height: 1.2;\n    padding-right: 20px;\n    flex: 0 0 auto;\n    width: 100%;\n    max-width: 180px; \/* Ancho fijo para el t\u00edtulo *\/\n}\n\/* Divisor vertical *\/\n.horarios-divisor {\n    width: 2px;\n    height: 60px;\n    background-color: #ffffff;\n    margin-right: 20px;\n    display: none; \/* Oculto en m\u00f3biles por defecto *\/\n}\n\/* Contenedor de las columnas de horarios *\/\n.horarios-grid {\n    display: flex;\n    flex: 1;\n    justify-content: space-around;\n    flex-wrap: wrap;\n    gap: 15px;\n}\n\/* Cada columna individual *\/\n.horario-item {\n    min-width: 120px;\n}\n.horario-item h4 {\n    margin: 0 0 5px 0;\n    font-size: 16px;\n    font-weight: 700;\n    color: #fff;\n}\n.horario-item p {\n    margin: 0;\n    font-size: 14px;\n    line-height: 1.4;\n    color: #f0f0f0;\n}\n\/* Ajustes para Pantallas Grandes (PC) *\/\n@media (min-width: 768px) {\n    .horarios-titulo { width: auto; text-align: left; margin-bottom: 0; }\n    .horarios-divisor { display: block; }\n}\n<\/style>\n<!-- Estructura Visual -->\n<div class=\"horarios-banner\">\n    <div class=\"horarios-titulo\">\n        Horarios<br>D\u00edas h\u00e1biles\n    <\/div>\n    \n    <div class=\"horarios-divisor\"><\/div>\n    \n    <div class=\"horarios-grid\">\n        <div class=\"horario-item\">\n            <h4>Aduanas<\/h4>\n            <p>07 &#8211; 19 hs.<\/p>\n        <\/div>\n        \n        <div class=\"horario-item\">\n            <h4>Ingreso<br>Exportaci\u00f3n<\/h4>\n            <p>07 &#8211; 17:30 hs.<\/p>\n        <\/div>\n        \n        <div class=\"horario-item\">\n            <h4>Presentaci\u00f3n de<br>Documentos<\/h4>\n            <p>06 &#8211; 20 hs.<\/p>\n        <\/div>\n        \n        <div class=\"horario-item\">\n            <h4>Operaciones<\/h4>\n            <p><br>07 &#8211; 19 hs<\/p>\n        <\/div>\n        \n        <div class=\"horario-item\">\n            <h4>Administraci\u00f3n<\/h4>\n            <p>APPSA: 07 &#8211; 17 hs<\/p>\n        <\/div>\n    <\/div>\n<\/div>\n\n\n","protected":false},"excerpt":{"rendered":"<p>Administraci\u00f3n Portuaria de Posadas y Santa Ana Objeto La Ley I-155 regula las actividades, operaciones y servicios que se desarrollan en los puertos bajo la jurisdicci\u00f3n de la Provincia de Misiones. Su objetivo principal es consolidar un sistema portuario provincial eficiente, competitivo y sostenible, que integre terminales y estructuras destinadas al comercio, industria, recreaci\u00f3n, turismo [&hellip;]<\/p>\n","protected":false},"author":1,"featured_media":634,"parent":0,"menu_order":0,"comment_status":"closed","ping_status":"closed","template":"","meta":{"footnotes":""},"class_list":["post-30","page","type-page","status-publish","has-post-thumbnail","hentry"],"_links":{"self":[{"href":"https:\/\/appsa.misiones.gob.ar\/index.php\/wp-json\/wp\/v2\/pages\/30","targetHints":{"allow":["GET"]}}],"collection":[{"href":"https:\/\/appsa.misiones.gob.ar\/index.php\/wp-json\/wp\/v2\/pages"}],"about":[{"href":"https:\/\/appsa.misiones.gob.ar\/index.php\/wp-json\/wp\/v2\/types\/page"}],"author":[{"embeddable":true,"href":"https:\/\/appsa.misiones.gob.ar\/index.php\/wp-json\/wp\/v2\/users\/1"}],"replies":[{"embeddable":true,"href":"https:\/\/appsa.misiones.gob.ar\/index.php\/wp-json\/wp\/v2\/comments?post=30"}],"version-history":[{"count":26,"href":"https:\/\/appsa.misiones.gob.ar\/index.php\/wp-json\/wp\/v2\/pages\/30\/revisions"}],"predecessor-version":[{"id":594,"href":"https:\/\/appsa.misiones.gob.ar\/index.php\/wp-json\/wp\/v2\/pages\/30\/revisions\/594"}],"wp:featuredmedia":[{"embeddable":true,"href":"https:\/\/appsa.misiones.gob.ar\/index.php\/wp-json\/wp\/v2\/media\/634"}],"wp:attachment":[{"href":"https:\/\/appsa.misiones.gob.ar\/index.php\/wp-json\/wp\/v2\/media?parent=30"}],"curies":[{"name":"wp","href":"https:\/\/api.w.org\/{rel}","templated":true}]}}