{"id":401,"date":"2025-07-31T20:36:31","date_gmt":"2025-07-31T20:36:31","guid":{"rendered":"https:\/\/appsa.misiones.gob.ar\/?page_id=401"},"modified":"2026-03-27T23:55:51","modified_gmt":"2026-03-27T23:55:51","slug":"tarifario-deposito-fiscal","status":"publish","type":"page","link":"https:\/\/appsa.misiones.gob.ar\/index.php\/tarifario-deposito-fiscal\/","title":{"rendered":"Tarifario Exportaci\u00f3n"},"content":{"rendered":"\n<p><strong>Vigente desde el 01\/08\/2025<\/strong><br><em>Administraci\u00f3n Portuaria de Posadas y Santa Ana (APPSA)<\/em><\/p>\n\n\n\n<h3 class=\"wp-block-heading\">Tasa de supervisi\u00f3n operativa<\/h3>\n\n\n\n<ul class=\"wp-block-list\">\n<li><strong>Salida por embarque fluvial desde Puerto Posadas:<\/strong> $25.000 (IVA incluido)<\/li>\n\n\n\n<li><strong>Salida por despacho terrestre:<\/strong> $55.000 (IVA incluido)<br>Incluye: \n<ul class=\"wp-block-list\">\n<li>Tasa de escaneo no intrusivo (control de seguridad).<\/li>\n\n\n\n<li>Pesaje VGM (certificaci\u00f3n del peso bruto verificado).<\/li>\n\n\n\n<li>Posicionamiento para control aduanero en dock de carga.<\/li>\n\n\n\n<li>Ingreso de documentaci\u00f3n al SIM.<\/li>\n\n\n\n<li>No contempla manipulaci\u00f3n de la carga.<\/li>\n<\/ul>\n<\/li>\n<\/ul>\n\n\n\n<h3 class=\"wp-block-heading\">Tasa de consolidaci\u00f3n<\/h3>\n\n\n\n<ul class=\"wp-block-list\">\n<li><strong>Salida<strong> por embarque fluvial desde Puerto Posadas<\/strong>:<\/strong> $400.000 (m\u00e1s IVA)<\/li>\n\n\n\n<li><strong>Salida terrestre:<\/strong> $600.000 (m\u00e1s IVA)<br>Incluye: \n<ul class=\"wp-block-list\">\n<li>Recepci\u00f3n de mercader\u00eda en el dep\u00f3sito.<\/li>\n\n\n\n<li>Tara\/Destara (VGM).<\/li>\n\n\n\n<li>Bajada a piso y escaneo.<\/li>\n\n\n\n<li>Ingreso al SIM y gastos administrativos.<\/li>\n\n\n\n<li>Retiro de plazoleta y posicionamiento del contenedor vac\u00edo (salida por puerto de Posadas)<\/li>\n\n\n\n<li>Consolidado, estiba y precintado.<\/li>\n\n\n\n<li>Remisi\u00f3n del contenedor full a plazoleta del puerto (salida por puerto de Posadas).<\/li>\n\n\n\n<li>APPSA no cobra ingreso a la terminal.<\/li>\n<\/ul>\n<\/li>\n<\/ul>\n\n\n\n<hr class=\"wp-block-separator has-alpha-channel-opacity\"\/>\n\n\n\n<h3 class=\"wp-block-heading\">Servicios adicionales (bajo cotizaci\u00f3n seg\u00fan plan de carga del exportador)<\/h3>\n\n\n\n<ul class=\"wp-block-list\">\n<li>Paletizado<\/li>\n\n\n\n<li>Empaque y etiquetado<\/li>\n\n\n\n<li>Normalizaci\u00f3n<\/li>\n\n\n\n<li>Trincado y zunchado<\/li>\n<\/ul>\n\n\n\n<hr class=\"wp-block-separator has-alpha-channel-opacity\"\/>\n\n\n\n<h3 class=\"wp-block-heading\">Cargos adicionales (bajo cotizaci\u00f3n)<\/h3>\n\n\n\n<ul class=\"wp-block-list\">\n<li>Habilitaci\u00f3n fuera de horario o feriados <\/li>\n\n\n\n<li>Manipuleo extra <\/li>\n\n\n\n<li>Escaneo de pallet <\/li>\n\n\n\n<li>Retiro extraordinario<\/li>\n<\/ul>\n\n\n\n<hr class=\"wp-block-separator has-alpha-channel-opacity\"\/>\n\n\n\n<p><strong>Servicio de VGM adicional: <\/strong>$30.000 (m\u00e1s IVA)<\/p>\n\n\n\n<p><strong>Certificaci\u00f3n de peso<\/strong>: $25.000 (mas IVA)<\/p>\n\n\n\n<hr class=\"wp-block-separator has-alpha-channel-opacity\"\/>\n\n\n\n<h3 class=\"wp-block-heading\">Condiciones generales<\/h3>\n\n\n\n<ul class=\"wp-block-list\">\n<li>El plan de estiba debe ser coordinado por el cliente con APPSA.<\/li>\n\n\n\n<li>Coordinaci\u00f3n 24 hs antes de la operaci\u00f3n.<\/li>\n\n\n\n<li>Horario operativo: lunes a viernes de 07:00 a 19:00.<\/li>\n\n\n\n<li>El cliente asume la responsabilidad y seguro de la mercader\u00eda.<\/li>\n\n\n\n<li>Horario de Operaciones del Dep\u00f3sito Fiscal<br>Lunes a viernes: <strong>07:00 a 19:00 hs<\/strong> (<em>\u00daltimo turno de ingreso: 18:15 hs<\/em>).<\/li>\n<\/ul>\n\n\n\n<p><a href=\"mailto:operaciones@appsa.com.ar\">operaciones@appsa.misiones.com.ar<\/a><\/p>\n\n\n\n<p><a href=\"mailto:op.aduaneras@appsa.misiones.gob.ar\">op.aduaneras@appsa.misiones.gob.ar<\/a>&nbsp;<\/p>\n\n\n\n<p>depositofiscal@appsa.misiones.gob.ar<\/p>\n\n\n\n<p>Av Ramon Ayala (ex 62) N\u00b0 10.730 &#8211; Nemesio Parma, Posadas Misiones<\/p>\n\n\n\n<p>+54 &#8211; 3765 &#8211; 171515<\/p>\n\n\n\n<p><\/p>\n","protected":false},"excerpt":{"rendered":"<p>Vigente desde el 01\/08\/2025Administraci\u00f3n Portuaria de Posadas y Santa Ana (APPSA) Tasa de supervisi\u00f3n operativa Tasa de consolidaci\u00f3n Servicios adicionales (bajo cotizaci\u00f3n seg\u00fan plan de carga del exportador) Cargos adicionales (bajo cotizaci\u00f3n) Servicio de VGM adicional: $30.000 (m\u00e1s IVA) Certificaci\u00f3n de peso: $25.000 (mas IVA) Condiciones generales operaciones@appsa.misiones.com.ar op.aduaneras@appsa.misiones.gob.ar&nbsp; depositofiscal@appsa.misiones.gob.ar Av Ramon Ayala (ex 62) [&hellip;]<\/p>\n","protected":false},"author":2,"featured_media":717,"parent":0,"menu_order":0,"comment_status":"closed","ping_status":"closed","template":"page-templates\/page-tarifario.php","meta":{"footnotes":""},"class_list":["post-401","page","type-page","status-publish","has-post-thumbnail","hentry"],"_links":{"self":[{"href":"https:\/\/appsa.misiones.gob.ar\/index.php\/wp-json\/wp\/v2\/pages\/401","targetHints":{"allow":["GET"]}}],"collection":[{"href":"https:\/\/appsa.misiones.gob.ar\/index.php\/wp-json\/wp\/v2\/pages"}],"about":[{"href":"https:\/\/appsa.misiones.gob.ar\/index.php\/wp-json\/wp\/v2\/types\/page"}],"author":[{"embeddable":true,"href":"https:\/\/appsa.misiones.gob.ar\/index.php\/wp-json\/wp\/v2\/users\/2"}],"replies":[{"embeddable":true,"href":"https:\/\/appsa.misiones.gob.ar\/index.php\/wp-json\/wp\/v2\/comments?post=401"}],"version-history":[{"count":29,"href":"https:\/\/appsa.misiones.gob.ar\/index.php\/wp-json\/wp\/v2\/pages\/401\/revisions"}],"predecessor-version":[{"id":719,"href":"https:\/\/appsa.misiones.gob.ar\/index.php\/wp-json\/wp\/v2\/pages\/401\/revisions\/719"}],"wp:featuredmedia":[{"embeddable":true,"href":"https:\/\/appsa.misiones.gob.ar\/index.php\/wp-json\/wp\/v2\/media\/717"}],"wp:attachment":[{"href":"https:\/\/appsa.misiones.gob.ar\/index.php\/wp-json\/wp\/v2\/media?parent=401"}],"curies":[{"name":"wp","href":"https:\/\/api.w.org\/{rel}","templated":true}]}}