{"id":482,"date":"2025-08-21T17:33:48","date_gmt":"2025-08-21T17:33:48","guid":{"rendered":"https:\/\/appsa.misiones.gob.ar\/?page_id=482"},"modified":"2026-03-28T01:56:20","modified_gmt":"2026-03-28T01:56:20","slug":"deposito-fiscal-2","status":"publish","type":"page","link":"https:\/\/appsa.misiones.gob.ar\/index.php\/deposito-fiscal-2\/","title":{"rendered":"Dep\u00f3sito Fiscal"},"content":{"rendered":"\n<div class=\"wp-block-media-text is-stacked-on-mobile\"><figure class=\"wp-block-media-text__media\"><img loading=\"lazy\" decoding=\"async\" width=\"1024\" height=\"588\" src=\"https:\/\/appsa.misiones.gob.ar\/wp-content\/uploads\/2025\/09\/df3-1024x588.jpeg\" alt=\"\" class=\"wp-image-499 size-full\" srcset=\"https:\/\/appsa.misiones.gob.ar\/wp-content\/uploads\/2025\/09\/df3-1024x588.jpeg 1024w, https:\/\/appsa.misiones.gob.ar\/wp-content\/uploads\/2025\/09\/df3-300x172.jpeg 300w, https:\/\/appsa.misiones.gob.ar\/wp-content\/uploads\/2025\/09\/df3-768x441.jpeg 768w, https:\/\/appsa.misiones.gob.ar\/wp-content\/uploads\/2025\/09\/df3.jpeg 1080w\" sizes=\"auto, (max-width: 1024px) 100vw, 1024px\" \/><\/figure><div class=\"wp-block-media-text__content\">\n<p>Nos encargamos de la consolidaci\u00f3n y desconsolidaci\u00f3n de contenedores de camiones internacionales, asegurando un manejo seguro y eficiente de tu carga.<\/p>\n\n\n\n<p>Horarios d\u00edas H\u00e1biles: 07.00 &#8211; 18.00 hs.<\/p>\n<\/div><\/div>\n\n\n\n<p>Solicitud de turno para realizar gesti\u00f3n de formalizaci\u00f3n de mercader\u00eda consolidada: <\/p>\n\n\n\n<p><a href=\"mailto:operaciones@appsa.com.ar\">operaciones@appsa.misiones.com.ar<\/a> <\/p>\n\n\n\n<p><a href=\"mailto:op.aduaneras@appsa.misiones.gob.ar\">op.aduaneras@appsa.misiones.gob.ar<\/a>&nbsp;<\/p>\n\n\n\n<p><\/p>\n\n\n\n<p><br><\/p>\n\n\n\n<p><\/p>\n","protected":false},"excerpt":{"rendered":"<p>Nos encargamos de la consolidaci\u00f3n y desconsolidaci\u00f3n de contenedores de camiones internacionales, asegurando un manejo seguro y eficiente de tu carga. Horarios d\u00edas H\u00e1biles: 07.00 &#8211; 18.00 hs. Solicitud de turno para realizar gesti\u00f3n de formalizaci\u00f3n de mercader\u00eda consolidada: operaciones@appsa.misiones.com.ar op.aduaneras@appsa.misiones.gob.ar&nbsp;<\/p>\n","protected":false},"author":2,"featured_media":634,"parent":0,"menu_order":0,"comment_status":"closed","ping_status":"closed","template":"","meta":{"footnotes":""},"class_list":["post-482","page","type-page","status-publish","has-post-thumbnail","hentry"],"_links":{"self":[{"href":"https:\/\/appsa.misiones.gob.ar\/index.php\/wp-json\/wp\/v2\/pages\/482","targetHints":{"allow":["GET"]}}],"collection":[{"href":"https:\/\/appsa.misiones.gob.ar\/index.php\/wp-json\/wp\/v2\/pages"}],"about":[{"href":"https:\/\/appsa.misiones.gob.ar\/index.php\/wp-json\/wp\/v2\/types\/page"}],"author":[{"embeddable":true,"href":"https:\/\/appsa.misiones.gob.ar\/index.php\/wp-json\/wp\/v2\/users\/2"}],"replies":[{"embeddable":true,"href":"https:\/\/appsa.misiones.gob.ar\/index.php\/wp-json\/wp\/v2\/comments?post=482"}],"version-history":[{"count":6,"href":"https:\/\/appsa.misiones.gob.ar\/index.php\/wp-json\/wp\/v2\/pages\/482\/revisions"}],"predecessor-version":[{"id":579,"href":"https:\/\/appsa.misiones.gob.ar\/index.php\/wp-json\/wp\/v2\/pages\/482\/revisions\/579"}],"wp:featuredmedia":[{"embeddable":true,"href":"https:\/\/appsa.misiones.gob.ar\/index.php\/wp-json\/wp\/v2\/media\/634"}],"wp:attachment":[{"href":"https:\/\/appsa.misiones.gob.ar\/index.php\/wp-json\/wp\/v2\/media?parent=482"}],"curies":[{"name":"wp","href":"https:\/\/api.w.org\/{rel}","templated":true}]}}