{"id":748,"date":"2026-04-08T13:06:29","date_gmt":"2026-04-08T13:06:29","guid":{"rendered":"https:\/\/appsa.misiones.gob.ar\/?page_id=748"},"modified":"2026-04-08T13:31:36","modified_gmt":"2026-04-08T13:31:36","slug":"llamado-a-licitacion-2026","status":"publish","type":"page","link":"https:\/\/appsa.misiones.gob.ar\/index.php\/llamado-a-licitacion-2026\/","title":{"rendered":"Llamado a licitaci\u00f3n 2026"},"content":{"rendered":"\n<p><strong>ADMINISTRACI\u00d3N PORTUARIA DE POSADAS Y SANTA ANA (APPSA)<\/strong><\/p>\n\n\n\n<p>Ente P\u00fablico no Estatal creado por Decreto del Poder Ejecutivo Provincial N\u00b0 850\/16, C.U.I.T 30-71541462-3, con domicilio en Avenida Ram\u00f3n Ayala y confluencia R\u00edo Paran\u00e1 de la Ciudad de Posadas, Provincia de Misiones, Argentina (CP 3300)<\/p>\n\n\n\n<p><strong>LLAMA A LICITACI\u00d3N N\u00b0 01\/2026<\/strong> \u201cLicitaci\u00f3n p\u00fablica nacional e internacional para la Concesi\u00f3n integral para la adecuaci\u00f3n, mantenimiento, ampliaci\u00f3n, modernizaci\u00f3n, equipamiento y operaci\u00f3n del Puerto Posadas, Misiones, Argentina y provisi\u00f3n de flete fluvial regular, por cuenta y riesgo empresario y sin aval del Estado Provincial\u201d.-<\/p>\n\n\n\n<p><strong>OBJETO DE LA LICITACI\u00d3N<\/strong>: La presente Licitaci\u00f3n tiene por objeto, en forma general, adjudicar la concesi\u00f3n integral para la adecuaci\u00f3n, mantenimiento, ampliaci\u00f3n modernizaci\u00f3n equipamiento y operaci\u00f3n, a t\u00edtulo oneroso, del Puerto de la Ciudad de Posadas y provisi\u00f3n de flete fluvial regular, por cuenta y riesgo empresario y sin aval del Estado Provincial .-<\/p>\n\n\n\n<p><strong>PLAZO DE LA CONCESI\u00d3N<\/strong>: La concesi\u00f3n se adjudicar\u00e1 por un plazo de quince (15) a\u00f1os, pudiendo ser renovables por voluntad de las partes.<\/p>\n\n\n\n<p><strong>ADQUISICI\u00d3N DEL PLIEGO<\/strong>: El pliego podr\u00e1 adquirirse a partir del lunes 13 de abril de 2026 y hasta el jueves 11 de junio de 2026 en la sede de Administraci\u00f3n Portuaria de Posadas y Santa Ana (APPSA), sito en Avenida Ram\u00f3n Ayala y confluencia con el R\u00edo Paran\u00e1 de la Ciudad de Posadas, Provincia de Misiones, Argentina (CP 3300), en d\u00edas h\u00e1biles administrativos, de lunes a viernes en los horario de 07:00 hs. a 13:00 hs., adjuntando al efecto el correspondiente comprobante de pago y\/o dep\u00f3sito en cuenta del valor del pliego.-<\/p>\n\n\n\n<p><strong>COSTO DEL PLIEGO<\/strong>: El costo del Pliego y el correspondiente derecho a presentar ofertas en la presente Licitaci\u00f3n P\u00fablica asciende a la suma de DOLARES UN MIL (USD 1.000), cotizaci\u00f3n d\u00f3lar oficial Banco Naci\u00f3n Argentina tipo vendedor del d\u00eda del pago, que deber\u00e1 realizarse mediante dep\u00f3sito o transferencia en cuenta corriente de la ADMINISTRACI\u00d3N PORTUARIA DE POSADAS Y DE SANTA ANA, CUENTA CORRIENTE <strong>Banco Macro \u2013 Sucursal I Posadas N\u00b0 3-001-0942065710-0; CBU N\u00b0 2850001030094206571001<\/strong>.<\/p>\n\n\n\n<p><strong>CONSULTAS<\/strong>: en la sede de la Administraci\u00f3n Portuaria de Posadas y Santa Ana (APPSA), sito Avenida Ramon Ayala y confluencia con el Rio Paran\u00e1 de la Ciudad de Posadas, Provincia de Misiones, Argentina (CP 3300), en d\u00edas h\u00e1biles administrativos, de lunes a viernes en los horario de 07:00 hs. a 13:00 hs. Por correo a <a href=\"mailto:licitacionappsa2026@gmail.com\">licitacionappsa2026@gmail.com<\/a> Tel. +549 3765 171515 en d\u00edas h\u00e1biles administrativos de lunes a viernes en el horario de 7:00 hs. a 13:00 hs.<\/p>\n\n\n\n<p><strong>LUGAR DE PRESENTACI\u00d3N DE OFERTAS<\/strong>: Las ofertas deber\u00e1n presentarse en la sede de la Administraci\u00f3n Portuaria de Posadas y Santa Ana (APPSA), sito en Avenida Ramon Ayala y confluencia con el Rio Paran\u00e1 de la Ciudad de Posadas, Misiones, Argentina.<\/p>\n\n\n\n<p><strong>VENCIMIENTO DEL PLAZO PARA PRESENTACI\u00d3N DE OFERTAS: <\/strong>el d\u00eda Jueves11 de junio de 2026 &nbsp;a las 13:00 hs.<\/p>\n\n\n\n<p><strong>APERTURA DE OFERTAS<\/strong>: D\u00eda viernes 12 de junio de 2026 a las 10:00 hs. en la sala de situaci\u00f3n de la Casa de Gobierno de la Provincia de Misiones, sito en calle F\u00e9lix de Azara N\u00b0 1749 de la Ciudad de Posadas, Provincia de Misiones, Argentina. La Administraci\u00f3n Portuaria de Posadas y Santa Ana (APPSA) se reserva el derecho de modificar el lugar de apertura de ofertas con hasta cinco (5) d\u00edas h\u00e1biles de anticipaci\u00f3n a la fecha de la misma.-<\/p>\n","protected":false},"excerpt":{"rendered":"<p>ADMINISTRACI\u00d3N PORTUARIA DE POSADAS Y SANTA ANA (APPSA) Ente P\u00fablico no Estatal creado por Decreto del Poder Ejecutivo Provincial N\u00b0 850\/16, C.U.I.T 30-71541462-3, con domicilio en Avenida Ram\u00f3n Ayala y confluencia R\u00edo Paran\u00e1 de la Ciudad de Posadas, Provincia de Misiones, Argentina (CP 3300) LLAMA A LICITACI\u00d3N N\u00b0 01\/2026 \u201cLicitaci\u00f3n p\u00fablica nacional e internacional para [&hellip;]<\/p>\n","protected":false},"author":1,"featured_media":0,"parent":0,"menu_order":0,"comment_status":"closed","ping_status":"closed","template":"","meta":{"footnotes":""},"class_list":["post-748","page","type-page","status-publish","hentry"],"_links":{"self":[{"href":"https:\/\/appsa.misiones.gob.ar\/index.php\/wp-json\/wp\/v2\/pages\/748","targetHints":{"allow":["GET"]}}],"collection":[{"href":"https:\/\/appsa.misiones.gob.ar\/index.php\/wp-json\/wp\/v2\/pages"}],"about":[{"href":"https:\/\/appsa.misiones.gob.ar\/index.php\/wp-json\/wp\/v2\/types\/page"}],"author":[{"embeddable":true,"href":"https:\/\/appsa.misiones.gob.ar\/index.php\/wp-json\/wp\/v2\/users\/1"}],"replies":[{"embeddable":true,"href":"https:\/\/appsa.misiones.gob.ar\/index.php\/wp-json\/wp\/v2\/comments?post=748"}],"version-history":[{"count":4,"href":"https:\/\/appsa.misiones.gob.ar\/index.php\/wp-json\/wp\/v2\/pages\/748\/revisions"}],"predecessor-version":[{"id":755,"href":"https:\/\/appsa.misiones.gob.ar\/index.php\/wp-json\/wp\/v2\/pages\/748\/revisions\/755"}],"wp:attachment":[{"href":"https:\/\/appsa.misiones.gob.ar\/index.php\/wp-json\/wp\/v2\/media?parent=748"}],"curies":[{"name":"wp","href":"https:\/\/api.w.org\/{rel}","templated":true}]}}