{"id":766,"date":"2026-04-13T18:58:25","date_gmt":"2026-04-13T18:58:25","guid":{"rendered":"https:\/\/appsa.misiones.gob.ar\/?page_id=766"},"modified":"2026-04-13T19:21:46","modified_gmt":"2026-04-13T19:21:46","slug":"informacion-general-sobre-la-licitacion-2026-procedimiento-para-la-compra-de-pliegos-documentacion-a-cumplimentar-etc","status":"publish","type":"page","link":"https:\/\/appsa.misiones.gob.ar\/index.php\/informacion-general-sobre-la-licitacion-2026-procedimiento-para-la-compra-de-pliegos-documentacion-a-cumplimentar-etc\/","title":{"rendered":"Informaci\u00f3n general sobre la licitaci\u00f3n 2026, resumen de pliegos, documentaci\u00f3n a cumplimentar, etc&#8230;"},"content":{"rendered":"\n<p><\/p>\n\n\n\n<div data-wp-interactive=\"core\/file\" class=\"wp-block-file\"><object data-wp-bind--hidden=\"!state.hasPdfPreview\" hidden class=\"wp-block-file__embed\" data=\"https:\/\/appsa.misiones.gob.ar\/wp-content\/uploads\/2026\/04\/INFORMACION_GENERAL_1_2.pdf\" type=\"application\/pdf\" style=\"width:100%;height:600px\" aria-label=\"Incrustado de INFORMACION_GENERAL_1_2.\"><\/object><a id=\"wp-block-file--media-576f66d1-665f-4832-9cf8-a61d6cfb888d\" href=\"https:\/\/appsa.misiones.gob.ar\/wp-content\/uploads\/2026\/04\/INFORMACION_GENERAL_1_2.pdf\">INFORMACION_GENERAL_1_2<\/a><a href=\"https:\/\/appsa.misiones.gob.ar\/wp-content\/uploads\/2026\/04\/INFORMACION_GENERAL_1_2.pdf\" class=\"wp-block-file__button wp-element-button\" download aria-describedby=\"wp-block-file--media-576f66d1-665f-4832-9cf8-a61d6cfb888d\">Descarga<\/a><\/div>\n\n\n\n<div style=\"height:100px\" aria-hidden=\"true\" class=\"wp-block-spacer\"><\/div>\n\n\n\n<div class=\"wp-block-file\"><a id=\"wp-block-file--media-602aae64-c38c-403b-88b4-c25ad10afa60\" href=\"https:\/\/appsa.misiones.gob.ar\/wp-content\/uploads\/2026\/04\/FORMULARIO-DE-DECLARACION-DE-DATOS.doc\">FORMULARIO DE DECLARACION DE DATOS<\/a><a href=\"https:\/\/appsa.misiones.gob.ar\/wp-content\/uploads\/2026\/04\/FORMULARIO-DE-DECLARACION-DE-DATOS.doc\" class=\"wp-block-file__button wp-element-button\" download aria-describedby=\"wp-block-file--media-602aae64-c38c-403b-88b4-c25ad10afa60\">Descarga<\/a><\/div>\n\n\n\n<div style=\"height:100px\" aria-hidden=\"true\" class=\"wp-block-spacer\"><\/div>\n","protected":false},"excerpt":{"rendered":"","protected":false},"author":1,"featured_media":0,"parent":0,"menu_order":0,"comment_status":"closed","ping_status":"closed","template":"","meta":{"footnotes":""},"class_list":["post-766","page","type-page","status-publish","hentry"],"_links":{"self":[{"href":"https:\/\/appsa.misiones.gob.ar\/index.php\/wp-json\/wp\/v2\/pages\/766","targetHints":{"allow":["GET"]}}],"collection":[{"href":"https:\/\/appsa.misiones.gob.ar\/index.php\/wp-json\/wp\/v2\/pages"}],"about":[{"href":"https:\/\/appsa.misiones.gob.ar\/index.php\/wp-json\/wp\/v2\/types\/page"}],"author":[{"embeddable":true,"href":"https:\/\/appsa.misiones.gob.ar\/index.php\/wp-json\/wp\/v2\/users\/1"}],"replies":[{"embeddable":true,"href":"https:\/\/appsa.misiones.gob.ar\/index.php\/wp-json\/wp\/v2\/comments?post=766"}],"version-history":[{"count":7,"href":"https:\/\/appsa.misiones.gob.ar\/index.php\/wp-json\/wp\/v2\/pages\/766\/revisions"}],"predecessor-version":[{"id":777,"href":"https:\/\/appsa.misiones.gob.ar\/index.php\/wp-json\/wp\/v2\/pages\/766\/revisions\/777"}],"wp:attachment":[{"href":"https:\/\/appsa.misiones.gob.ar\/index.php\/wp-json\/wp\/v2\/media?parent=766"}],"curies":[{"name":"wp","href":"https:\/\/api.w.org\/{rel}","templated":true}]}}